{"id":388,"date":"2025-12-30T10:47:44","date_gmt":"2025-12-30T10:47:44","guid":{"rendered":"https:\/\/cms2518.commu.isfsc.be\/?page_id=388"},"modified":"2025-12-30T12:08:15","modified_gmt":"2025-12-30T12:08:15","slug":"page-rea-pour-de-vrai","status":"publish","type":"page","link":"https:\/\/cms2518.commu.isfsc.be\/index.php\/page-rea-pour-de-vrai\/","title":{"rendered":"Page R\u00e9a pour de vrai"},"content":{"rendered":"<p>[et_pb_section fb_built=\u00a0\u00bb1&Prime; admin_label=\u00a0\u00bbHeader\u00a0\u00bb _builder_version=\u00a0\u00bb4.22.0&Prime; _module_preset=\u00a0\u00bbdefault\u00a0\u00bb background_color=\u00a0\u00bbgcid-b0afb9e7-00cb-4a3b-9bdf-e3137e7083ae\u00a0\u00bb background_image=\u00a0\u00bbhttps:\/\/cms2518.commu.isfsc.be\/wp-content\/uploads\/2025\/12\/financial-planning-26.png\u00a0\u00bb background_size=\u00a0\u00bbinitial\u00a0\u00bb background_position=\u00a0\u00bbbottom_center\u00a0\u00bb collapsed=\u00a0\u00bbon\u00a0\u00bb global_colors_info=\u00a0\u00bb{%22gcid-b0afb9e7-00cb-4a3b-9bdf-e3137e7083ae%22:%91%22background_color%22%93}\u00a0\u00bb][et_pb_row _builder_version=\u00a0\u00bb4.22.0&Prime; _module_preset=\u00a0\u00bbdefault\u00a0\u00bb global_colors_info=\u00a0\u00bb{}\u00a0\u00bb][et_pb_column type=\u00a0\u00bb4_4&Prime; _builder_version=\u00a0\u00bb4.22.0&Prime; _module_preset=\u00a0\u00bbdefault\u00a0\u00bb global_colors_info=\u00a0\u00bb{}\u00a0\u00bb][et_pb_text _builder_version=\u00a0\u00bb4.22.0&Prime; _module_preset=\u00a0\u00bb54b4f9c9-0900-4ad1-b42b-ae1f5216c6b7&Prime; header_text_color=\u00a0\u00bb#FFFFFF\u00a0\u00bb text_orientation=\u00a0\u00bbcenter\u00a0\u00bb global_colors_info=\u00a0\u00bb{}\u00a0\u00bb]<\/p>\n<h1>That&rsquo;s our job !<\/h1>\n<p>[\/et_pb_text][\/et_pb_column][\/et_pb_row][\/et_pb_section][et_pb_section fb_built=\u00a0\u00bb1&Prime; admin_label=\u00a0\u00bbServices\u00a0\u00bb _builder_version=\u00a0\u00bb4.22.0&Prime; _module_preset=\u00a0\u00bbdefault\u00a0\u00bb background_color=\u00a0\u00bbgcid-b0afb9e7-00cb-4a3b-9bdf-e3137e7083ae\u00a0\u00bb collapsed=\u00a0\u00bbon\u00a0\u00bb global_colors_info=\u00a0\u00bb{%22gcid-b0afb9e7-00cb-4a3b-9bdf-e3137e7083ae%22:%91%22background_color%22%93}\u00a0\u00bb][et_pb_row column_structure=\u00a0\u00bb1_3,1_3,1_3&Prime; custom_padding_last_edited=\u00a0\u00bbon|desktop\u00a0\u00bb _builder_version=\u00a0\u00bb4.22.0&Prime; _module_preset=\u00a0\u00bbdefault\u00a0\u00bb max_width_tablet=\u00a0\u00bb640px\u00a0\u00bb max_width_phone=\u00a0\u00bb640px\u00a0\u00bb max_width_last_edited=\u00a0\u00bbon|tablet\u00a0\u00bb custom_padding_tablet=\u00a0\u00bb||0px||false|false\u00a0\u00bb custom_padding_phone=\u00a0\u00bb||0px||false|false\u00a0\u00bb global_colors_info=\u00a0\u00bb{}\u00a0\u00bb][et_pb_column type=\u00a0\u00bb1_3&Prime; _builder_version=\u00a0\u00bb4.22.0&Prime; _module_preset=\u00a0\u00bbdefault\u00a0\u00bb background_color=\u00a0\u00bb#000000&Prime; custom_padding=\u00a0\u00bb|20px|20px|20px|false|true\u00a0\u00bb border_radii=\u00a0\u00bbon|10px|10px|10px|10px\u00a0\u00bb box_shadow_style=\u00a0\u00bbpreset4&Prime; box_shadow_horizontal=\u00a0\u00bb-60px\u00a0\u00bb box_shadow_vertical=\u00a0\u00bb60px\u00a0\u00bb box_shadow_blur=\u00a0\u00bb150px\u00a0\u00bb box_shadow_color=\u00a0\u00bbrgba(52,64,84,0.3)\u00a0\u00bb global_colors_info=\u00a0\u00bb{}\u00a0\u00bb][et_pb_image src=\u00a0\u00bbhttps:\/\/cms2518.commu.isfsc.be\/wp-content\/uploads\/2025\/12\/DSC09050-scaled.jpg\u00a0\u00bb title_text=\u00a0\u00bbDSC09050&Prime; _builder_version=\u00a0\u00bb4.27.5&Prime; _module_preset=\u00a0\u00bbdefault\u00a0\u00bb custom_margin=\u00a0\u00bb|-20px||-20px|false|true\u00a0\u00bb filter_hue_rotate=\u00a0\u00bb135deg\u00a0\u00bb filter_saturate=\u00a0\u00bb46%\u00a0\u00bb global_colors_info=\u00a0\u00bb{}\u00a0\u00bb][\/et_pb_image][et_pb_text _builder_version=\u00a0\u00bb4.22.0&Prime; _module_preset=\u00a0\u00bb8da8741b-281f-4b21-8dc3-32930964d501&Prime; header_5_text_color=\u00a0\u00bb#FFFFFF\u00a0\u00bb global_colors_info=\u00a0\u00bb{}\u00a0\u00bb]<\/p>\n<h5>Avenatura<\/h5>\n<p>[\/et_pb_text][et_pb_text _builder_version=\u00a0\u00bb4.27.5&Prime; _module_preset=\u00a0\u00bb5a22b390-2b7a-456d-99ac-7550f4dedaec\u00a0\u00bb text_text_color=\u00a0\u00bb#FFFFFF\u00a0\u00bb link_text_color=\u00a0\u00bb#FFFFFF\u00a0\u00bb link_option_url=\u00a0\u00bbhttps:\/\/cms2518.commu.isfsc.be\/?page_id=395&#038;et_fb=1&#038;PageSpeed=off\u00a0\u00bb global_colors_info=\u00a0\u00bb{}\u00a0\u00bb]<\/p>\n<p>Learn More<\/p>\n<p>[\/et_pb_text][\/et_pb_column][et_pb_column type=\u00a0\u00bb1_3&Prime; _builder_version=\u00a0\u00bb4.22.0&Prime; _module_preset=\u00a0\u00bbdefault\u00a0\u00bb background_color=\u00a0\u00bb#000000&Prime; custom_padding=\u00a0\u00bb|20px|20px|20px|false|true\u00a0\u00bb border_radii=\u00a0\u00bbon|10px|10px|10px|10px\u00a0\u00bb box_shadow_style=\u00a0\u00bbpreset4&Prime; box_shadow_horizontal=\u00a0\u00bb-60px\u00a0\u00bb box_shadow_vertical=\u00a0\u00bb60px\u00a0\u00bb box_shadow_blur=\u00a0\u00bb150px\u00a0\u00bb box_shadow_color=\u00a0\u00bbrgba(52,64,84,0.3)\u00a0\u00bb global_colors_info=\u00a0\u00bb{}\u00a0\u00bb][et_pb_image src=\u00a0\u00bbhttps:\/\/cms2518.commu.isfsc.be\/wp-content\/uploads\/2025\/12\/DSC09007-scaled.jpg\u00a0\u00bb title_text=\u00a0\u00bbDSC09007&Prime; _builder_version=\u00a0\u00bb4.27.5&Prime; _module_preset=\u00a0\u00bbdefault\u00a0\u00bb custom_margin=\u00a0\u00bb|-20px||-20px|false|true\u00a0\u00bb filter_hue_rotate=\u00a0\u00bb151deg\u00a0\u00bb filter_saturate=\u00a0\u00bb45%\u00a0\u00bb global_colors_info=\u00a0\u00bb{}\u00a0\u00bb][\/et_pb_image][et_pb_text _builder_version=\u00a0\u00bb4.27.5&Prime; _module_preset=\u00a0\u00bb5a22b390-2b7a-456d-99ac-7550f4dedaec\u00a0\u00bb text_text_color=\u00a0\u00bb#FFFFFF\u00a0\u00bb link_text_color=\u00a0\u00bb#FFFFFF\u00a0\u00bb link_option_url=\u00a0\u00bbhttps:\/\/cms2518.commu.isfsc.be\/?page_id=395&#038;et_fb=1&#038;PageSpeed=off\u00a0\u00bb global_colors_info=\u00a0\u00bb{}\u00a0\u00bb]<\/p>\n<p>Learn <a href=\"#\">More<\/a><\/p>\n<p>[\/et_pb_text][\/et_pb_column][et_pb_column type=\u00a0\u00bb1_3&Prime; _builder_version=\u00a0\u00bb4.22.0&Prime; _module_preset=\u00a0\u00bbdefault\u00a0\u00bb background_color=\u00a0\u00bb#000000&Prime; custom_padding=\u00a0\u00bb|20px|20px|20px|false|true\u00a0\u00bb border_radii=\u00a0\u00bbon|10px|10px|10px|10px\u00a0\u00bb box_shadow_style=\u00a0\u00bbpreset4&Prime; box_shadow_horizontal=\u00a0\u00bb-60px\u00a0\u00bb box_shadow_vertical=\u00a0\u00bb60px\u00a0\u00bb box_shadow_blur=\u00a0\u00bb150px\u00a0\u00bb box_shadow_color=\u00a0\u00bbrgba(52,64,84,0.3)\u00a0\u00bb global_colors_info=\u00a0\u00bb{}\u00a0\u00bb][et_pb_image src=\u00a0\u00bbhttps:\/\/cms2518.commu.isfsc.be\/wp-content\/uploads\/2025\/12\/PHOTO-2025-12-30-09-25-43.jpg\u00a0\u00bb title_text=\u00a0\u00bbPHOTO-2025-12-30-09-25-43&Prime; _builder_version=\u00a0\u00bb4.27.5&Prime; _module_preset=\u00a0\u00bbdefault\u00a0\u00bb custom_margin=\u00a0\u00bb|-20px||-20px|false|true\u00a0\u00bb filter_hue_rotate=\u00a0\u00bb144deg\u00a0\u00bb filter_saturate=\u00a0\u00bb62%\u00a0\u00bb global_colors_info=\u00a0\u00bb{}\u00a0\u00bb][\/et_pb_image][et_pb_text _builder_version=\u00a0\u00bb4.27.5&Prime; _module_preset=\u00a0\u00bb5a22b390-2b7a-456d-99ac-7550f4dedaec\u00a0\u00bb text_text_color=\u00a0\u00bb#FFFFFF\u00a0\u00bb link_text_color=\u00a0\u00bb#FFFFFF\u00a0\u00bb link_option_url=\u00a0\u00bbhttps:\/\/cms2518.commu.isfsc.be\/?page_id=395&#038;et_fb=1&#038;PageSpeed=off\u00a0\u00bb global_colors_info=\u00a0\u00bb{}\u00a0\u00bb]<\/p>\n<p><a href=\"#\">Learn More<\/a><\/p>\n<p>[\/et_pb_text][\/et_pb_column][\/et_pb_row][\/et_pb_section][et_pb_section fb_built=\u00a0\u00bb1&Prime; admin_label=\u00a0\u00bbFeature\u00a0\u00bb _builder_version=\u00a0\u00bb4.22.0&Prime; _module_preset=\u00a0\u00bbdefault\u00a0\u00bb background_color=\u00a0\u00bbgcid-b0afb9e7-00cb-4a3b-9bdf-e3137e7083ae\u00a0\u00bb saved_tabs=\u00a0\u00bball\u00a0\u00bb collapsed=\u00a0\u00bbon\u00a0\u00bb global_colors_info=\u00a0\u00bb{%22gcid-b0afb9e7-00cb-4a3b-9bdf-e3137e7083ae%22:%91%22background_color%22%93}\u00a0\u00bb][et_pb_row column_structure=\u00a0\u00bb1_2,1_2&Prime; _builder_version=\u00a0\u00bb4.22.0&Prime; _module_preset=\u00a0\u00bbdefault\u00a0\u00bb global_colors_info=\u00a0\u00bb{}\u00a0\u00bb][et_pb_column type=\u00a0\u00bb1_2&Prime; _builder_version=\u00a0\u00bb4.21.0&Prime; _module_preset=\u00a0\u00bbdefault\u00a0\u00bb global_colors_info=\u00a0\u00bb{}\u00a0\u00bb][et_pb_image src=\u00a0\u00bbhttps:\/\/cms2518.commu.isfsc.be\/wp-content\/uploads\/2025\/12\/bulle-bleue-comme-bouton-ou-icone-pouce-vers-le-haut-ou-comme-concept-de-retroaction-de-signe-sur-fond-blanc-rendu-3d-scaled.jpg\u00a0\u00bb title_text=\u00a0\u00bbBlue bubble like button or icon thumbs up or like sign feedback\u00a0\u00bb _builder_version=\u00a0\u00bb4.27.5&Prime; _module_preset=\u00a0\u00bbdefault\u00a0\u00bb background_enable_color=\u00a0\u00bboff\u00a0\u00bb height=\u00a0\u00bb334px\u00a0\u00bb filter_hue_rotate=\u00a0\u00bb289deg\u00a0\u00bb filter_saturate=\u00a0\u00bb74%\u00a0\u00bb global_colors_info=\u00a0\u00bb{}\u00a0\u00bb][\/et_pb_image][\/et_pb_column][et_pb_column type=\u00a0\u00bb1_2&Prime; _builder_version=\u00a0\u00bb4.22.0&Prime; _module_preset=\u00a0\u00bbdefault\u00a0\u00bb custom_padding=\u00a0\u00bb60px||||false|false\u00a0\u00bb custom_padding_tablet=\u00a0\u00bb0px||||false|false\u00a0\u00bb custom_padding_phone=\u00a0\u00bb0vw||||false|false\u00a0\u00bb custom_padding_last_edited=\u00a0\u00bbon|desktop\u00a0\u00bb global_colors_info=\u00a0\u00bb{}\u00a0\u00bb][et_pb_text _builder_version=\u00a0\u00bb4.22.0&Prime; _module_preset=\u00a0\u00bb8f9b8dad-542f-4882-9667-97cb7a8a18fe\u00a0\u00bb header_2_text_color=\u00a0\u00bb#FFFFFF\u00a0\u00bb custom_margin=\u00a0\u00bb||10px||false|false\u00a0\u00bb global_colors_info=\u00a0\u00bb{}\u00a0\u00bb]<\/p>\n<h2>Voyez plus grand \u00e0 travers nous<\/h2>\n<p>[\/et_pb_text][et_pb_text _builder_version=\u00a0\u00bb4.27.5&Prime; _module_preset=\u00a0\u00bbb143fd6d-8ce1-4b82-8b4b-3b4d10e05044&Prime; text_text_color=\u00a0\u00bb#FFFFFF\u00a0\u00bb global_colors_info=\u00a0\u00bb{}\u00a0\u00bb]<\/p>\n<p data-start=\"240\" data-end=\"689\"><strong data-start=\"240\" data-end=\"255\">Le contexte<\/strong><br data-start=\"255\" data-end=\"258\" \/>Ave Natura est une boutique engag\u00e9e qui propose des balcons v\u00e9g\u00e9talis\u00e9s et des ateliers en magasin, avec pour ambition de reconnecter les citadins \u00e0 la nature \u00e0 travers des exp\u00e9riences sensorielles, cr\u00e9atives et responsables. Face au d\u00e9clin de la biodiversit\u00e9 \u00e0 Bruxelles, Ave Natura souhaitait encourager les habitants \u00e0 v\u00e9g\u00e9taliser leurs espaces tout en les invitant \u00e0 participer \u00e0 des ateliers pour repenser leur lien au vivant.<\/p>\n<p data-start=\"691\" data-end=\"913\"><strong data-start=\"691\" data-end=\"702\">Le d\u00e9fi<\/strong><br data-start=\"702\" data-end=\"705\" \/>Cr\u00e9er une affiche capable de capter l\u2019attention, de valoriser les balcons Ave Natura et de donner envie de s\u2019engager davantage pour la biodiversit\u00e9, notamment en participant aux ateliers propos\u00e9s en boutique.<\/p>\n<p data-start=\"915\" data-end=\"1162\"><strong data-start=\"915\" data-end=\"933\">Notre approche<\/strong><br data-start=\"933\" data-end=\"936\" \/><span>Au-del\u00e0 de la cr\u00e9ation d\u2019une affiche publicitaire, nous avons accompagn\u00e9 Ave Natura dans une r\u00e9flexion plus large autour de leur communication. Nous avons revu diff\u00e9rents aspects de leur discours visuel et de leurs messages afin de proposer une communication plus coh\u00e9rente, plus lisible et plus engageante, tout en restant fid\u00e8le \u00e0 leur ADN.<\/span>.<\/p>\n<p data-start=\"1164\" data-end=\"1320\"><strong data-start=\"1164\" data-end=\"1179\">Le r\u00e9sultat<\/strong><br data-start=\"1179\" data-end=\"1182\" \/>Une affiche impactante et engag\u00e9e, pens\u00e9e pour interpeller, informer et inviter \u00e0 l\u2019action.<\/p>\n<p>[\/et_pb_text][et_pb_button button_url=\u00a0\u00bbhttps:\/\/cms2518.commu.isfsc.be\/?page_id=395&#038;et_fb=1&#038;PageSpeed=off\u00a0\u00bb button_text=\u00a0\u00bb\u00c0 votre tour\u00a0\u00bb _builder_version=\u00a0\u00bb4.27.5&Prime; _module_preset=\u00a0\u00bb462364ea-4b69-4ac7-acaf-53d6497d3575&Prime; global_colors_info=\u00a0\u00bb{}\u00a0\u00bb][\/et_pb_button][et_pb_image src=\u00a0\u00bbhttps:\/\/cms2518.commu.isfsc.be\/wp-content\/uploads\/2025\/12\/financial-planning-14.png\u00a0\u00bb title_text=\u00a0\u00bbfinancial-planning-14&Prime; _builder_version=\u00a0\u00bb4.22.0&Prime; _module_preset=\u00a0\u00bbdefault\u00a0\u00bb transform_translate=\u00a0\u00bb50%|50%\u00a0\u00bb transform_translate_linked=\u00a0\u00bboff\u00a0\u00bb positioning=\u00a0\u00bbabsolute\u00a0\u00bb position_origin_a=\u00a0\u00bbbottom_right\u00a0\u00bb width=\u00a0\u00bb15%\u00a0\u00bb global_colors_info=\u00a0\u00bb{}\u00a0\u00bb][\/et_pb_image][\/et_pb_column][\/et_pb_row][\/et_pb_section]<\/p>\n","protected":false},"excerpt":{"rendered":"<p>That&rsquo;s our job !AvenaturaLearn MoreLearn MoreLearn MoreVoyez plus grand \u00e0 travers nousLe contexteAve Natura est une boutique engag\u00e9e qui propose des balcons v\u00e9g\u00e9talis\u00e9s et des ateliers en magasin, avec pour ambition de reconnecter les citadins \u00e0 la nature \u00e0 travers des exp\u00e9riences sensorielles, cr\u00e9atives et responsables. Face au d\u00e9clin de la biodiversit\u00e9 \u00e0 Bruxelles, Ave [&hellip;]<\/p>\n","protected":false},"author":2,"featured_media":0,"parent":0,"menu_order":0,"comment_status":"closed","ping_status":"closed","template":"","meta":{"_et_pb_use_builder":"on","_et_pb_old_content":"","_et_gb_content_width":"","footnotes":""},"class_list":["post-388","page","type-page","status-publish","hentry"],"_links":{"self":[{"href":"https:\/\/cms2518.commu.isfsc.be\/index.php\/wp-json\/wp\/v2\/pages\/388","targetHints":{"allow":["GET"]}}],"collection":[{"href":"https:\/\/cms2518.commu.isfsc.be\/index.php\/wp-json\/wp\/v2\/pages"}],"about":[{"href":"https:\/\/cms2518.commu.isfsc.be\/index.php\/wp-json\/wp\/v2\/types\/page"}],"author":[{"embeddable":true,"href":"https:\/\/cms2518.commu.isfsc.be\/index.php\/wp-json\/wp\/v2\/users\/2"}],"replies":[{"embeddable":true,"href":"https:\/\/cms2518.commu.isfsc.be\/index.php\/wp-json\/wp\/v2\/comments?post=388"}],"version-history":[{"count":8,"href":"https:\/\/cms2518.commu.isfsc.be\/index.php\/wp-json\/wp\/v2\/pages\/388\/revisions"}],"predecessor-version":[{"id":450,"href":"https:\/\/cms2518.commu.isfsc.be\/index.php\/wp-json\/wp\/v2\/pages\/388\/revisions\/450"}],"wp:attachment":[{"href":"https:\/\/cms2518.commu.isfsc.be\/index.php\/wp-json\/wp\/v2\/media?parent=388"}],"curies":[{"name":"wp","href":"https:\/\/api.w.org\/{rel}","templated":true}]}}