{"id":278,"date":"2025-12-30T10:47:12","date_gmt":"2025-12-30T10:47:12","guid":{"rendered":"https:\/\/cms2518.commu.isfsc.be\/?page_id=278"},"modified":"2025-12-30T12:27:19","modified_gmt":"2025-12-30T12:27:19","slug":"deuxieme-page-agence","status":"publish","type":"page","link":"https:\/\/cms2518.commu.isfsc.be\/index.php\/deuxieme-page-agence\/","title":{"rendered":"Page agence \u00e0 propos"},"content":{"rendered":"\n[et_pb_section fb_built=\u00a0\u00bb1&Prime; admin_label=\u00a0\u00bbHeader\u00a0\u00bb _builder_version=\u00a0\u00bb4.27.5&Prime; _module_preset=\u00a0\u00bbdefault\u00a0\u00bb background_color=\u00a0\u00bb#000000&Prime; background_enable_image=\u00a0\u00bboff\u00a0\u00bb locked=\u00a0\u00bboff\u00a0\u00bb global_colors_info=\u00a0\u00bb{}\u00a0\u00bb][et_pb_row _builder_version=\u00a0\u00bb4.25.2&Prime; _module_preset=\u00a0\u00bb51a25f5d-677c-4bc8-b225-fa53077f7481&Prime; global_colors_info=\u00a0\u00bb{}\u00a0\u00bb][et_pb_column type=\u00a0\u00bb4_4&Prime; _builder_version=\u00a0\u00bb4.25.2&Prime; _module_preset=\u00a0\u00bbdefault\u00a0\u00bb global_colors_info=\u00a0\u00bb{}\u00a0\u00bb][et_pb_heading title=\u00a0\u00bb\u00c0 l&rsquo;origine d&rsquo;H\u00e9lianthe\u00a0\u00bb _builder_version=\u00a0\u00bb4.27.4&Prime; _module_preset=\u00a0\u00bb2a4cd879-81a4-4afc-9784-3e170633edbd\u00a0\u00bb title_text_color=\u00a0\u00bbgcid-b70c6ec4-3d09-43b5-80df-154e6e990bf3&Prime; global_colors_info=\u00a0\u00bb{%22gcid-b70c6ec4-3d09-43b5-80df-154e6e990bf3%22:%91%22title_text_color%22%93}\u00a0\u00bb][\/et_pb_heading][et_pb_heading title=\u00a0\u00bb\u00c0 propos de notre agence\u00a0\u00bb _builder_version=\u00a0\u00bb4.27.5&Prime; _module_preset=\u00a0\u00bb43c63275-1b58-403d-8a86-6049c427fef3&Prime; title_text_color=\u00a0\u00bb#FFFFFF\u00a0\u00bb custom_margin=\u00a0\u00bb||10px||false|false\u00a0\u00bb global_colors_info=\u00a0\u00bb{}\u00a0\u00bb][\/et_pb_heading][\/et_pb_column][\/et_pb_row][et_pb_row column_structure=\u00a0\u00bb3_5,2_5&Prime; _builder_version=\u00a0\u00bb4.27.5&Prime; _module_preset=\u00a0\u00bb51a25f5d-677c-4bc8-b225-fa53077f7481&Prime; background_color=\u00a0\u00bb#000000&Prime; global_colors_info=\u00a0\u00bb{}\u00a0\u00bb][et_pb_column type=\u00a0\u00bb3_5&Prime; _builder_version=\u00a0\u00bb4.25.2&Prime; _module_preset=\u00a0\u00bbdefault\u00a0\u00bb global_colors_info=\u00a0\u00bb{}\u00a0\u00bb][et_pb_text _builder_version=\u00a0\u00bb4.27.5&Prime; _module_preset=\u00a0\u00bbcb862c6c-8aad-4b54-ab17-72e4981ca421&Prime; text_text_color=\u00a0\u00bb#FFFFFF\u00a0\u00bb header_text_color=\u00a0\u00bb#FFFFFF\u00a0\u00bb global_colors_info=\u00a0\u00bb{}\u00a0\u00bb]<p>&nbsp;<\/p>\n<h2 data-start=\"318\" data-end=\"335\"><span style=\"color: #ffffff;\">Notre histoire<\/span><\/h2>\n<p data-start=\"337\" data-end=\"490\">HELIANTHE est une jeune agence de communication n\u00e9e d\u2019une volont\u00e9 claire :<br data-start=\"411\" data-end=\"414\" \/>mettre en lumi\u00e8re les projets qui m\u00e9ritent d\u2019\u00eatre vus, compris et valoris\u00e9s.<\/p>\n<p data-start=\"492\" data-end=\"692\">Notre nom est une r\u00e9f\u00e9rence directe \u00e0 <strong data-start=\"530\" data-end=\"540\">H\u00e9lios<\/strong>, le dieu grec du soleil.<br data-start=\"565\" data-end=\"568\" \/>Selon la mythologie, chaque matin, H\u00e9lios traversait le ciel sur son char, tirant le soleil pour offrir au monde sa lumi\u00e8re.<\/p>\n<p data-start=\"694\" data-end=\"958\">Cette image nous a profond\u00e9ment inspir\u00e9s.<br data-start=\"735\" data-end=\"738\" \/>Chez HELIANTHE, nous avons choisi de reprendre ce symbole et de lui donner un sens contemporain :<br data-start=\"835\" data-end=\"838\" \/><strong data-start=\"838\" data-end=\"890\">porter la lumi\u00e8re sur les projets de nos clients<\/strong>, r\u00e9v\u00e9ler leur essence et leur offrir la visibilit\u00e9 qu\u2019ils m\u00e9ritent.<\/p>[\/et_pb_text][\/et_pb_column][et_pb_column type=\u00a0\u00bb2_5&Prime; _builder_version=\u00a0\u00bb4.25.2&Prime; _module_preset=\u00a0\u00bbdefault\u00a0\u00bb global_colors_info=\u00a0\u00bb{}\u00a0\u00bb][et_pb_image src=\u00a0\u00bbhttps:\/\/cms2518.commu.isfsc.be\/wp-content\/uploads\/2025\/12\/logoooo.png\u00a0\u00bb title_text=\u00a0\u00bblogoooo\u00a0\u00bb _builder_version=\u00a0\u00bb4.27.5&Prime; _module_preset=\u00a0\u00bbdefault\u00a0\u00bb background_color=\u00a0\u00bb#FFFFFF\u00a0\u00bb global_colors_info=\u00a0\u00bb{}\u00a0\u00bb][\/et_pb_image][\/et_pb_column][\/et_pb_row][\/et_pb_section][et_pb_section fb_built=\u00a0\u00bb1&Prime; admin_label=\u00a0\u00bbStats\u00a0\u00bb _builder_version=\u00a0\u00bb4.25.2&Prime; _module_preset=\u00a0\u00bbdefault\u00a0\u00bb background_enable_color=\u00a0\u00bboff\u00a0\u00bb locked=\u00a0\u00bboff\u00a0\u00bb global_colors_info=\u00a0\u00bb{%22gcid-b6c4f12c-f25d-4f61-9fb1-6e96404634cd%22:%91%22background_color%22%93}\u00a0\u00bb][et_pb_row _builder_version=\u00a0\u00bb4.25.2&Prime; _module_preset=\u00a0\u00bb51a25f5d-677c-4bc8-b225-fa53077f7481&Prime; custom_padding=\u00a0\u00bb||0px|||\u00a0\u00bb global_colors_info=\u00a0\u00bb{}\u00a0\u00bb][et_pb_column type=\u00a0\u00bb4_4&Prime; _builder_version=\u00a0\u00bb4.25.2&Prime; _module_preset=\u00a0\u00bbdefault\u00a0\u00bb global_colors_info=\u00a0\u00bb{}\u00a0\u00bb][et_pb_heading title=\u00a0\u00bbune autre fa\u00e7on de voir les choses\u00a0\u00bb _builder_version=\u00a0\u00bb4.27.5&Prime; _module_preset=\u00a0\u00bb2a4cd879-81a4-4afc-9784-3e170633edbd\u00a0\u00bb title_text_color=\u00a0\u00bbgcid-b70c6ec4-3d09-43b5-80df-154e6e990bf3&Prime; global_colors_info=\u00a0\u00bb{%22gcid-b70c6ec4-3d09-43b5-80df-154e6e990bf3%22:%91%22title_text_color%22%93}\u00a0\u00bb][\/et_pb_heading][et_pb_heading title=\u00a0\u00bb Notre vision &#038; nos valeurs\u00a0\u00bb _builder_version=\u00a0\u00bb4.27.5&Prime; _module_preset=\u00a0\u00bb0439b133-7138-47d9-9cde-77f00e68029c\u00a0\u00bb max_width=\u00a0\u00bb900px\u00a0\u00bb custom_margin=\u00a0\u00bb||10px||false|false\u00a0\u00bb global_colors_info=\u00a0\u00bb{}\u00a0\u00bb][\/et_pb_heading][\/et_pb_column][\/et_pb_row][et_pb_row column_structure=\u00a0\u00bb1_2,1_2&Prime; _builder_version=\u00a0\u00bb4.25.2&Prime; _module_preset=\u00a0\u00bb51a25f5d-677c-4bc8-b225-fa53077f7481&Prime; global_colors_info=\u00a0\u00bb{}\u00a0\u00bb][et_pb_column type=\u00a0\u00bb1_2&Prime; _builder_version=\u00a0\u00bb4.25.2&Prime; _module_preset=\u00a0\u00bbdefault\u00a0\u00bb global_colors_info=\u00a0\u00bb{}\u00a0\u00bb][et_pb_text _builder_version=\u00a0\u00bb4.27.5&Prime; _module_preset=\u00a0\u00bbcb862c6c-8aad-4b54-ab17-72e4981ca421&Prime; text_text_color=\u00a0\u00bb#000000&Prime; custom_margin=\u00a0\u00bb||||false|false\u00a0\u00bb global_colors_info=\u00a0\u00bb{}\u00a0\u00bb]<h2 data-start=\"965\" data-end=\"980\"><\/h2>\n<p data-start=\"982\" data-end=\"1157\"><strong>Nous croyons qu\u2019une communication r\u00e9ussie ne se limite pas \u00e0 l\u2019esth\u00e9tique.<\/strong><br data-start=\"1056\" data-end=\"1059\" \/><strong>Elle doit \u00eatre juste, coh\u00e9rente et align\u00e9e avec l\u2019identit\u00e9 de ceux qu\u2019elle repr\u00e9sente.<\/strong><\/p>\n<p data-start=\"1159\" data-end=\"1257\"><strong>Avant de cr\u00e9er, nous prenons le temps de comprendre.<\/strong><br data-start=\"1211\" data-end=\"1214\" \/><strong>Avant de montrer, nous cherchons le sens.<\/strong><\/p>\n<p data-start=\"1259\" data-end=\"1404\"><strong>Notre ambition est d\u2019accompagner chaque projet avec exigence et sensibilit\u00e9, afin de construire une communication durable, sinc\u00e8re et impactante.<\/strong><\/p>[\/et_pb_text][et_pb_button button_url=\u00a0\u00bbhttps:\/\/cms2518.commu.isfsc.be\/?page_id=395&#038;et_fb=1&#038;PageSpeed=off\u00a0\u00bb button_text=\u00a0\u00bbDiscutez avec un expert\u00a0\u00bb _builder_version=\u00a0\u00bb4.27.5&Prime; _module_preset=\u00a0\u00bbd7b4fec7-be9f-468b-a7ba-7b5ae71fd584&Prime; global_colors_info=\u00a0\u00bb{}\u00a0\u00bb][\/et_pb_button][\/et_pb_column][et_pb_column type=\u00a0\u00bb1_2&Prime; _builder_version=\u00a0\u00bb4.25.2&Prime; _module_preset=\u00a0\u00bbdefault\u00a0\u00bb global_colors_info=\u00a0\u00bb{}\u00a0\u00bb][et_pb_number_counter title=\u00a0\u00bbNous n&rsquo;oublions rien, les d\u00e9tails font la perfection et la perfection n&rsquo;est pas un d\u00e9tail. Pour nous, chaque chose est importante rien n&rsquo;est laiss\u00e9 de cot\u00e9. C&rsquo;est ce que nous appelons la cerise sur le g\u00e2teau\u00a0\u00bb number=\u00a0\u00bbLa cerise \u00a0\u00bb _builder_version=\u00a0\u00bb4.27.5&Prime; _module_preset=\u00a0\u00bb94d4e1e0-2e94-48bb-a9a7-6e90c329e539&Prime; background_color=\u00a0\u00bb#6B6B6B\u00a0\u00bb border_color_top=\u00a0\u00bbgcid-2bb820f4-8993-4899-8850-c73e9c1e988e\u00a0\u00bb locked=\u00a0\u00bboff\u00a0\u00bb global_colors_info=\u00a0\u00bb{%22gcid-2bb820f4-8993-4899-8850-c73e9c1e988e%22:%91%22border_color_top%22%93}\u00a0\u00bb][\/et_pb_number_counter][et_pb_number_counter title=\u00a0\u00bbNous n&rsquo;avons pas le choix, soit nous fournissons un bon travail soit le client est ravi mais dans les deux cas l&rsquo;objectif sera atteint. C&rsquo;est le dilemme auquel notre agence a d\u00e9cid\u00e9 de faire face\u00a0\u00bb number=\u00a0\u00bbLe dilemme\u00a0\u00bb _builder_version=\u00a0\u00bb4.27.5&Prime; _module_preset=\u00a0\u00bb94d4e1e0-2e94-48bb-a9a7-6e90c329e539&Prime; background_color=\u00a0\u00bb#D6D6D6&Prime; locked=\u00a0\u00bboff\u00a0\u00bb global_colors_info=\u00a0\u00bb{%22gcid-53054839-b83d-4ef0-8659-8a010e6148fd%22:%91%22title_text_color%22%93}\u00a0\u00bb][\/et_pb_number_counter][et_pb_code _builder_version=\u00a0\u00bb4.27.5&Prime; _module_preset=\u00a0\u00bbdefault\u00a0\u00bb global_colors_info=\u00a0\u00bb{}\u00a0\u00bb][\/et_pb_code][\/et_pb_column][\/et_pb_row][\/et_pb_section][et_pb_section fb_built=\u00a0\u00bb1&Prime; admin_label=\u00a0\u00bbTeam\u00a0\u00bb _builder_version=\u00a0\u00bb4.27.5&Prime; _module_preset=\u00a0\u00bbdefault\u00a0\u00bb background_color=\u00a0\u00bb#000000&Prime; locked=\u00a0\u00bboff\u00a0\u00bb global_colors_info=\u00a0\u00bb{}\u00a0\u00bb][et_pb_row _builder_version=\u00a0\u00bb4.25.2&Prime; _module_preset=\u00a0\u00bb51a25f5d-677c-4bc8-b225-fa53077f7481&Prime; global_colors_info=\u00a0\u00bb{}\u00a0\u00bb][et_pb_column type=\u00a0\u00bb4_4&Prime; _builder_version=\u00a0\u00bb4.25.2&Prime; _module_preset=\u00a0\u00bbdefault\u00a0\u00bb global_colors_info=\u00a0\u00bb{}\u00a0\u00bb][et_pb_heading title=\u00a0\u00bbLes 4 \u00e9l\u00e9ments\u00a0\u00bb _builder_version=\u00a0\u00bb4.27.5&Prime; _module_preset=\u00a0\u00bb2a4cd879-81a4-4afc-9784-3e170633edbd\u00a0\u00bb title_text_color=\u00a0\u00bbgcid-b70c6ec4-3d09-43b5-80df-154e6e990bf3&Prime; global_colors_info=\u00a0\u00bb{%22gcid-b70c6ec4-3d09-43b5-80df-154e6e990bf3%22:%91%22title_text_color%22%93}\u00a0\u00bb][\/et_pb_heading][et_pb_heading title=\u00a0\u00bbRencontrez-nous\u00a0\u00bb _builder_version=\u00a0\u00bb4.27.5&Prime; _module_preset=\u00a0\u00bb0439b133-7138-47d9-9cde-77f00e68029c\u00a0\u00bb title_text_color=\u00a0\u00bb#FFFFFF\u00a0\u00bb custom_margin=\u00a0\u00bb||10px||false|false\u00a0\u00bb global_colors_info=\u00a0\u00bb{}\u00a0\u00bb][\/et_pb_heading][\/et_pb_column][\/et_pb_row][et_pb_row column_structure=\u00a0\u00bb1_4,3_4&Prime; _builder_version=\u00a0\u00bb4.25.2&Prime; _module_preset=\u00a0\u00bb51a25f5d-677c-4bc8-b225-fa53077f7481&Prime; global_colors_info=\u00a0\u00bb{}\u00a0\u00bb][et_pb_column type=\u00a0\u00bb1_4&Prime; _builder_version=\u00a0\u00bb4.25.2&Prime; _module_preset=\u00a0\u00bbdefault\u00a0\u00bb global_colors_info=\u00a0\u00bb{}\u00a0\u00bb][et_pb_image src=\u00a0\u00bbhttps:\/\/cms2518.commu.isfsc.be\/wp-content\/uploads\/2025\/12\/A52ED01E-2337-4230-9EDF-EB07FDFCEF68.jpg\u00a0\u00bb title_text=\u00a0\u00bbA52ED01E-2337-4230-9EDF-EB07FDFCEF68&Prime; _builder_version=\u00a0\u00bb4.27.5&Prime; _module_preset=\u00a0\u00bbbfc7d666-e8f0-4401-99d1-59149fee38c2&Prime; global_colors_info=\u00a0\u00bb{}\u00a0\u00bb][\/et_pb_image][\/et_pb_column][et_pb_column type=\u00a0\u00bb3_4&Prime; _builder_version=\u00a0\u00bb4.25.2&Prime; _module_preset=\u00a0\u00bbdefault\u00a0\u00bb global_colors_info=\u00a0\u00bb{}\u00a0\u00bb][et_pb_heading title=\u00a0\u00bbFlorence Gorlier \u00a0\u00bb _builder_version=\u00a0\u00bb4.27.5&Prime; _module_preset=\u00a0\u00bba78dc9d7-820f-4aa8-85d1-6de63cc3e07a\u00a0\u00bb title_text_color=\u00a0\u00bb#FFFFFF\u00a0\u00bb global_colors_info=\u00a0\u00bb{}\u00a0\u00bb][\/et_pb_heading][et_pb_text _builder_version=\u00a0\u00bb4.27.5&Prime; _module_preset=\u00a0\u00bbcb862c6c-8aad-4b54-ab17-72e4981ca421&Prime; text_text_color=\u00a0\u00bb#FFFFFF\u00a0\u00bb global_colors_info=\u00a0\u00bb{}\u00a0\u00bb]<p data-start=\"569\" data-end=\"763\"><strong>Florence a le vent en poupe et toujours une vision tr\u00e8s claire.<\/strong><br data-start=\"642\" data-end=\"645\" \/><strong>Elle prend de la hauteur, observe, analyse et relie les id\u00e9es entre elles pour donner une direction juste aux projets.<\/strong><\/p>\n<p data-start=\"765\" data-end=\"1062\"><strong>Gr\u00e2ce \u00e0 elle, vous y verrez plus clair. Florence vous aidera \u00e0 structurer votre communication, \u00e0 d\u00e9finir une vision coh\u00e9rente et \u00e0 faire les bons choix, au bon moment.<\/strong><br data-start=\"932\" data-end=\"935\" \/><strong>Sa force r\u00e9side dans sa capacit\u00e9 \u00e0 comprendre l\u2019ensemble, \u00e0 anticiper et \u00e0 guider chaque projet avec pr\u00e9cision et intelligence.<\/strong><\/p>[\/et_pb_text][et_pb_heading title=\u00a0\u00bbBrand Strategist\u00a0\u00bb _builder_version=\u00a0\u00bb4.27.5&Prime; _module_preset=\u00a0\u00bb2a4cd879-81a4-4afc-9784-3e170633edbd\u00a0\u00bb title_text_color=\u00a0\u00bb#0C71C3&Prime; custom_margin=\u00a0\u00bb||0px||false|false\u00a0\u00bb box_shadow_style=\u00a0\u00bbpreset4&Prime; global_colors_info=\u00a0\u00bb{}\u00a0\u00bb][\/et_pb_heading][\/et_pb_column][\/et_pb_row][et_pb_row column_structure=\u00a0\u00bb1_4,3_4&Prime; _builder_version=\u00a0\u00bb4.25.2&Prime; _module_preset=\u00a0\u00bb51a25f5d-677c-4bc8-b225-fa53077f7481&Prime; global_colors_info=\u00a0\u00bb{}\u00a0\u00bb][et_pb_column type=\u00a0\u00bb1_4&Prime; _builder_version=\u00a0\u00bb4.25.2&Prime; _module_preset=\u00a0\u00bbdefault\u00a0\u00bb global_colors_info=\u00a0\u00bb{}\u00a0\u00bb][et_pb_image src=\u00a0\u00bbhttps:\/\/cms2518.commu.isfsc.be\/wp-content\/uploads\/2025\/12\/2E6B0DCA-BB98-4E44-9BE6-DC97581197DE.jpg\u00a0\u00bb title_text=\u00a0\u00bb2E6B0DCA-BB98-4E44-9BE6-DC97581197DE\u00a0\u00bb _builder_version=\u00a0\u00bb4.27.5&Prime; _module_preset=\u00a0\u00bbbfc7d666-e8f0-4401-99d1-59149fee38c2&Prime; global_colors_info=\u00a0\u00bb{}\u00a0\u00bb][\/et_pb_image][\/et_pb_column][et_pb_column type=\u00a0\u00bb3_4&Prime; _builder_version=\u00a0\u00bb4.25.2&Prime; _module_preset=\u00a0\u00bbdefault\u00a0\u00bb global_colors_info=\u00a0\u00bb{}\u00a0\u00bb][et_pb_heading title=\u00a0\u00bbJeremy Koso-Diese\u00a0\u00bb _builder_version=\u00a0\u00bb4.27.5&Prime; _module_preset=\u00a0\u00bba78dc9d7-820f-4aa8-85d1-6de63cc3e07a\u00a0\u00bb title_text_color=\u00a0\u00bb#FFFFFF\u00a0\u00bb global_colors_info=\u00a0\u00bb{}\u00a0\u00bb][\/et_pb_heading][et_pb_text _builder_version=\u00a0\u00bb4.27.5&Prime; _module_preset=\u00a0\u00bbcb862c6c-8aad-4b54-ab17-72e4981ca421&Prime; text_text_color=\u00a0\u00bb#FFFFFF\u00a0\u00bb header_text_color=\u00a0\u00bb#FFFFFF\u00a0\u00bb global_colors_info=\u00a0\u00bb{}\u00a0\u00bb]<p data-start=\"2107\" data-end=\"2292\"><strong>J\u00e9r\u00e9my est l\u2019ancrage.<\/strong><br data-start=\"2128\" data-end=\"2131\" \/><strong>Il garde les projets, les pieds sur terre et veille \u00e0 ce que chaque id\u00e9e prenne forme. M\u00e9thodique et fiable, il transforme les intentions en r\u00e9alisations solides.<\/strong><\/p>\n<p data-start=\"2294\" data-end=\"2499\"><strong>Il vous aidera \u00e0 structurer vos projets, \u00e0 avancer sereinement et \u00e0 concr\u00e9tiser vos id\u00e9es dans le respect des d\u00e9lais et des objectifs.<\/strong><br data-start=\"2428\" data-end=\"2431\" \/><strong>Avec J\u00e9r\u00e9my, les projets prennent racine et avancent avec stabilit\u00e9.<\/strong><\/p>[\/et_pb_text][et_pb_heading title=\u00a0\u00bbProject Manager\u00a0\u00bb _builder_version=\u00a0\u00bb4.27.5&Prime; _module_preset=\u00a0\u00bb2a4cd879-81a4-4afc-9784-3e170633edbd\u00a0\u00bb title_text_color=\u00a0\u00bb#0C71C3&Prime; custom_margin=\u00a0\u00bb||0px||false|false\u00a0\u00bb box_shadow_style=\u00a0\u00bbpreset4&Prime; global_colors_info=\u00a0\u00bb{}\u00a0\u00bb][\/et_pb_heading][\/et_pb_column][\/et_pb_row][et_pb_row column_structure=\u00a0\u00bb1_4,3_4&Prime; _builder_version=\u00a0\u00bb4.25.2&Prime; _module_preset=\u00a0\u00bb51a25f5d-677c-4bc8-b225-fa53077f7481&Prime; global_colors_info=\u00a0\u00bb{}\u00a0\u00bb][et_pb_column type=\u00a0\u00bb1_4&Prime; _builder_version=\u00a0\u00bb4.25.2&Prime; _module_preset=\u00a0\u00bbdefault\u00a0\u00bb global_colors_info=\u00a0\u00bb{}\u00a0\u00bb][et_pb_image src=\u00a0\u00bbhttps:\/\/cms2518.commu.isfsc.be\/wp-content\/uploads\/2025\/12\/14CF796B-1DFB-4007-86E9-5F18FF201870.jpg\u00a0\u00bb title_text=\u00a0\u00bb14CF796B-1DFB-4007-86E9-5F18FF201870&Prime; _builder_version=\u00a0\u00bb4.27.5&Prime; _module_preset=\u00a0\u00bbbfc7d666-e8f0-4401-99d1-59149fee38c2&Prime; global_colors_info=\u00a0\u00bb{}\u00a0\u00bb][\/et_pb_image][\/et_pb_column][et_pb_column type=\u00a0\u00bb3_4&Prime; _builder_version=\u00a0\u00bb4.25.2&Prime; _module_preset=\u00a0\u00bbdefault\u00a0\u00bb global_colors_info=\u00a0\u00bb{}\u00a0\u00bb][et_pb_heading title=\u00a0\u00bbAriel Bruschi\u00a0\u00bb _builder_version=\u00a0\u00bb4.27.5&Prime; _module_preset=\u00a0\u00bba78dc9d7-820f-4aa8-85d1-6de63cc3e07a\u00a0\u00bb title_text_color=\u00a0\u00bb#FFFFFF\u00a0\u00bb global_colors_info=\u00a0\u00bb{}\u00a0\u00bb][\/et_pb_heading][et_pb_text _builder_version=\u00a0\u00bb4.27.5&Prime; _module_preset=\u00a0\u00bbcb862c6c-8aad-4b54-ab17-72e4981ca421&Prime; text_text_color=\u00a0\u00bb#FFFFFF\u00a0\u00bb custom_padding=\u00a0\u00bb||0px|||\u00a0\u00bb global_colors_info=\u00a0\u00bb{}\u00a0\u00bb]<p><strong>Ariel est une visionnaire et profond\u00e9ment cr\u00e9ative.<\/strong><\/p>\n<p data-start=\"1607\" data-end=\"1833\"><strong>Comme l\u2019eau, elle s\u2019adapte \u00e0 chaque univers tout en conservant sa force. Elle ressent, interpr\u00e8te et transforme les id\u00e9es en identit\u00e9s visuelles qui parlent d\u2019elles-m\u00eames.<\/strong><\/p>\n<p data-start=\"1835\" data-end=\"2046\"><strong>Elle vous aidera \u00e0 donner une image juste et coh\u00e9rente \u00e0 votre projet, \u00e0 traduire vos valeurs en visuels forts et \u00e0 cr\u00e9er une identit\u00e9 qui vous ressemble vraiment.<\/strong><br data-start=\"1998\" data-end=\"2001\" \/><strong>Avec Ariel, la cr\u00e9ativit\u00e9 devient un langage.<\/strong><\/p>[\/et_pb_text][et_pb_heading title=\u00a0\u00bbDesigner\u00a0\u00bb _builder_version=\u00a0\u00bb4.27.5&Prime; _module_preset=\u00a0\u00bb2a4cd879-81a4-4afc-9784-3e170633edbd\u00a0\u00bb title_text_color=\u00a0\u00bb#0C71C3&Prime; custom_margin=\u00a0\u00bb||0px||false|false\u00a0\u00bb box_shadow_style=\u00a0\u00bbpreset4&Prime; global_colors_info=\u00a0\u00bb{}\u00a0\u00bb][\/et_pb_heading][\/et_pb_column][\/et_pb_row][et_pb_row column_structure=\u00a0\u00bb1_4,3_4&Prime; _builder_version=\u00a0\u00bb4.25.2&Prime; _module_preset=\u00a0\u00bb51a25f5d-677c-4bc8-b225-fa53077f7481&Prime; global_colors_info=\u00a0\u00bb{}\u00a0\u00bb][et_pb_column type=\u00a0\u00bb1_4&Prime; _builder_version=\u00a0\u00bb4.25.2&Prime; _module_preset=\u00a0\u00bbdefault\u00a0\u00bb global_colors_info=\u00a0\u00bb{}\u00a0\u00bb][et_pb_image src=\u00a0\u00bbhttps:\/\/cms2518.commu.isfsc.be\/wp-content\/uploads\/2025\/12\/AD3D5C91-8487-48E4-99DA-2677CCDF70C5.jpg\u00a0\u00bb title_text=\u00a0\u00bbAD3D5C91-8487-48E4-99DA-2677CCDF70C5&Prime; _builder_version=\u00a0\u00bb4.27.5&Prime; _module_preset=\u00a0\u00bbbfc7d666-e8f0-4401-99d1-59149fee38c2&Prime; global_colors_info=\u00a0\u00bb{}\u00a0\u00bb][\/et_pb_image][\/et_pb_column][et_pb_column type=\u00a0\u00bb3_4&Prime; _builder_version=\u00a0\u00bb4.25.2&Prime; _module_preset=\u00a0\u00bbdefault\u00a0\u00bb global_colors_info=\u00a0\u00bb{}\u00a0\u00bb][et_pb_heading title=\u00a0\u00bbGrace Kansay\u00a0\u00bb _builder_version=\u00a0\u00bb4.27.5&Prime; _module_preset=\u00a0\u00bba78dc9d7-820f-4aa8-85d1-6de63cc3e07a\u00a0\u00bb title_text_color=\u00a0\u00bb#FFFFFF\u00a0\u00bb global_colors_info=\u00a0\u00bb{}\u00a0\u00bb][\/et_pb_heading][et_pb_text _builder_version=\u00a0\u00bb4.27.5&Prime; _module_preset=\u00a0\u00bbcb862c6c-8aad-4b54-ab17-72e4981ca421&Prime; text_text_color=\u00a0\u00bb#FFFFFF\u00a0\u00bb global_colors_info=\u00a0\u00bb{}\u00a0\u00bb]<p data-start=\"1113\" data-end=\"1327\"><strong>Gr\u00e2ce, c\u2019est l\u2019\u00e9tincelle.<\/strong><br data-start=\"1138\" data-end=\"1141\" \/><strong>Elle met rapidement le feu aux id\u00e9es et leur donne l\u2019\u00e9nergie n\u00e9cessaire pour rayonner. Dynamique et intuitive, elle sait quand activer, quand acc\u00e9l\u00e9rer et quand faire briller un message.<\/strong><\/p>\n<p data-start=\"1329\" data-end=\"1564\"><strong>Elle vous aidera \u00e0 faire vivre votre marque, \u00e0 lui donner une pr\u00e9sence forte et engageante, et \u00e0 cr\u00e9er un lien durable avec votre audience.<\/strong><br data-start=\"1468\" data-end=\"1471\" \/><strong>Avec Gr\u00e2ce, la communication ne reste jamais fig\u00e9e : elle s\u2019anime, \u00e9volue et gagne en impact.<\/strong><\/p>[\/et_pb_text][et_pb_heading title=\u00a0\u00bbDigital Manager\u00a0\u00bb _builder_version=\u00a0\u00bb4.27.5&Prime; _module_preset=\u00a0\u00bb2a4cd879-81a4-4afc-9784-3e170633edbd\u00a0\u00bb title_text_color=\u00a0\u00bb#0C71C3&Prime; custom_margin=\u00a0\u00bb||0px||false|false\u00a0\u00bb box_shadow_style=\u00a0\u00bbpreset4&Prime; global_colors_info=\u00a0\u00bb{}\u00a0\u00bb][\/et_pb_heading][\/et_pb_column][\/et_pb_row][\/et_pb_section]\n","protected":false},"excerpt":{"rendered":"<p>&nbsp; Notre histoire HELIANTHE est une jeune agence de communication n\u00e9e d\u2019une volont\u00e9 claire :mettre en lumi\u00e8re les projets qui m\u00e9ritent d\u2019\u00eatre vus, compris et valoris\u00e9s. Notre nom est une r\u00e9f\u00e9rence directe \u00e0 H\u00e9lios, le dieu grec du soleil.Selon la mythologie, chaque matin, H\u00e9lios traversait le ciel sur son char, tirant le soleil pour offrir [&hellip;]<\/p>\n","protected":false},"author":2,"featured_media":0,"parent":0,"menu_order":0,"comment_status":"closed","ping_status":"closed","template":"","meta":{"_et_pb_use_builder":"on","_et_pb_old_content":"","_et_gb_content_width":"","footnotes":""},"class_list":["post-278","page","type-page","status-publish","hentry"],"_links":{"self":[{"href":"https:\/\/cms2518.commu.isfsc.be\/index.php\/wp-json\/wp\/v2\/pages\/278","targetHints":{"allow":["GET"]}}],"collection":[{"href":"https:\/\/cms2518.commu.isfsc.be\/index.php\/wp-json\/wp\/v2\/pages"}],"about":[{"href":"https:\/\/cms2518.commu.isfsc.be\/index.php\/wp-json\/wp\/v2\/types\/page"}],"author":[{"embeddable":true,"href":"https:\/\/cms2518.commu.isfsc.be\/index.php\/wp-json\/wp\/v2\/users\/2"}],"replies":[{"embeddable":true,"href":"https:\/\/cms2518.commu.isfsc.be\/index.php\/wp-json\/wp\/v2\/comments?post=278"}],"version-history":[{"count":14,"href":"https:\/\/cms2518.commu.isfsc.be\/index.php\/wp-json\/wp\/v2\/pages\/278\/revisions"}],"predecessor-version":[{"id":454,"href":"https:\/\/cms2518.commu.isfsc.be\/index.php\/wp-json\/wp\/v2\/pages\/278\/revisions\/454"}],"wp:attachment":[{"href":"https:\/\/cms2518.commu.isfsc.be\/index.php\/wp-json\/wp\/v2\/media?parent=278"}],"curies":[{"name":"wp","href":"https:\/\/api.w.org\/{rel}","templated":true}]}}